{"id":2760,"date":"2020-07-02T19:18:34","date_gmt":"2020-07-02T11:18:34","guid":{"rendered":"https:\/\/goodideaart.com\/?page_id=2760"},"modified":"2022-06-07T16:03:51","modified_gmt":"2022-06-07T08:03:51","slug":"%e7%b9%aa%e7%95%ab-%e9%99%b3%e6%99%af%e5%ae%b9","status":"publish","type":"page","link":"https:\/\/goodideaart.com\/en\/%e7%b9%aa%e7%95%ab-%e9%99%b3%e6%99%af%e5%ae%b9\/","title":{"rendered":"PAINTING CHEN CHING-JUNG"},"content":{"rendered":"<div class=\"wpb-content-wrapper\"><p>[vc_row][vc_column][vc_column_text][\/vc_column_text][vc_empty_space][vc_separator style=&#8221;shadow&#8221;][\/vc_column][\/vc_row][vc_row][vc_column width=&#8221;1\/2&#8243;][vc_single_image image=&#8221;2766&#8243; img_size=&#8221;full&#8221; alignment=&#8221;right&#8221;][\/vc_column][vc_column width=&#8221;1\/2&#8243;][vc_column_text]<span style=\"font-size: 18pt; color: #800080;\"> Chen Ching-Jung\uff081934- \uff09 <\/span><\/p>\n<p><span style=\"font-size: 14pt; color: #333333;\"> National Changhua Senior High School<br \/>\nCollege of Arts, National Taiwan Normal University<br \/>\nDepartment of Oil Painting, Musashino Art University<br \/>\nMural Painting MA, Tokyo University of the Arts <\/span>[\/vc_column_text][vc_column_text]<span style=\"font-size: 14pt; color: #800080;\">AWARDS<\/span><\/p>\n<table style=\"width: 100%; border-collapse: collapse; border-style: none;\">\n<tbody>\n<tr>\n<td style=\"width: 12.7054%; border-style: none;\"><span style=\"font-size: 14pt;\">1998<\/span><\/td>\n<td style=\"width: 87.2946%; border-style: none;\"><span style=\"font-size: 14pt;\">Bronze Prize in Oil Painting, Le Salon des Artistes Fran\u00e7ais<\/span><\/td>\n<\/tr>\n<tr>\n<td style=\"width: 12.7054%; border-style: none;\"><span style=\"font-size: 14pt;\">1999<\/span><\/td>\n<td style=\"width: 87.2946%; border-style: none;\"><span style=\"font-size: 14pt;\">Silver Prize in Oil Painting, Le Salon des Artistes Fran\u00e7ais<\/span><\/td>\n<\/tr>\n<tr>\n<td style=\"width: 12.7054%; border-style: none;\"><span style=\"font-size: 14pt;\">2000<\/span><\/td>\n<td style=\"width: 87.2946%; border-style: none;\"><span style=\"font-size: 14pt;\">Honorable Mention Prize, Le Salon des Artistes Fran\u00e7ais<\/span><\/td>\n<\/tr>\n<tr>\n<td style=\"width: 12.7054%; border-style: none;\"><span style=\"font-size: 14pt;\">2003<\/span><\/td>\n<td style=\"width: 87.2946%; border-style: none;\"><span style=\"font-size: 14pt;\">Sacra Familia in Mosaic\u2014A Gift to Pope John Paul II the Great in the Vatican<\/span><\/td>\n<\/tr>\n<\/tbody>\n<\/table>\n<p>[\/vc_column_text][\/vc_column][\/vc_row][vc_row][vc_column][vc_empty_space][vc_separator style=&#8221;shadow&#8221;][vc_empty_space][\/vc_column][\/vc_row][vc_row][vc_column width=&#8221;1\/6&#8243;][\/vc_column][vc_column width=&#8221;5\/6&#8243;][vc_column_text]<span style=\"font-size: 14pt; color: #800080;\">EXHIBITIONS<\/span><\/p>\n<table style=\"width: 100%; border-collapse: collapse; border-style: none;\">\n<tbody>\n<tr>\n<td style=\"width: 12.6109%; border-style: none;\"><span style=\"font-size: 14pt;\">2012<\/span><\/td>\n<td style=\"width: 87.3891%; border-style: none;\"><span style=\"font-size: 14pt;\">The only Taiwanese artist invited to the Group Exhibition Da Tong International Mural Biennale, China<\/span><\/td>\n<\/tr>\n<tr>\n<td style=\"width: 12.6109%; border-style: none;\"><span style=\"font-size: 14pt;\">2015<\/span><\/td>\n<td style=\"width: 87.3891%; border-style: none;\"><span style=\"font-size: 14pt;\">A Commemorative Exhibition of Chen Ching-Jung at 80, Changhua County Art Museum, Changhua<\/span><\/td>\n<\/tr>\n<tr>\n<td style=\"width: 12.6109%; border-style: none;\"><span style=\"font-size: 14pt;\">2019<\/span><\/td>\n<td style=\"width: 87.3891%; border-style: none;\"><span style=\"font-size: 14pt;\">Invitaional Exhibition in Muzeul \u0162\u0103rii Cri\u015furilor, Oradea European Music Open festival, Oradea<\/span><br \/>\n<span style=\"font-size: 14pt;\">2019 Joint exhibition of Chen Ching-Jung and Pedro Cuni, Teh-Chun Art Gallery, Taipei<\/span><\/td>\n<\/tr>\n<\/tbody>\n<\/table>\n<p><span style=\"font-size: 14pt;\">\u00a0<\/span><\/p>\n<p><span style=\"font-size: 14pt;\">\u00a0<\/span>[\/vc_column_text][\/vc_column][\/vc_row][vc_row][vc_column][vc_empty_space][vc_separator style=&#8221;shadow&#8221;][vc_empty_space][\/vc_column][\/vc_row][vc_row][vc_column width=&#8221;1\/2&#8243;][vc_single_image image=&#8221;2770&#8243; img_size=&#8221;full&#8221; alignment=&#8221;center&#8221; onclick=&#8221;link_image&#8221; css=&#8221;.vc_custom_1593690182824{margin-bottom: 0px !important;border-bottom-width: 0px !important;padding-bottom: 0px !important;}&#8221;][vc_column_text]<\/p>\n<p style=\"text-align: right;\"><span style=\"font-size: 12pt; color: #333333;\"> 1979<br \/>\n<\/span><span style=\"font-size: 12pt; color: #333333;\">Oil paint, canvas\u00a080x100cm <\/span><\/p>\n<p>[\/vc_column_text][\/vc_column][vc_column width=&#8221;1\/2&#8243;][vc_column_text]<span style=\"font-size: 14pt; color: #800080;\">The Carriage in Vienna<\/span>[\/vc_column_text][vc_column_text]<\/p>\n<p style=\"text-align: left;\"><span style=\"font-size: 14pt; color: #333333;\">On his third trip to Europe, Chen Ching-Jung visited <em>Wiener Stephansdom<\/em>, and captured this carriage with two horses in front of the cathedral.<\/span><\/p>\n<p style=\"text-align: left;\"><span style=\"font-size: 14pt; color: #333333;\">White horses, black carriage, the red and green from the passengers\u2019 outfits\u2014together they bring lively variations to this sophisticated picture.<\/span><\/p>\n<p>[\/vc_column_text][\/vc_column][\/vc_row][vc_row][vc_column][vc_empty_space][vc_separator style=&#8221;shadow&#8221;][vc_empty_space][\/vc_column][\/vc_row][vc_row][vc_column width=&#8221;2\/3&#8243;][vc_column_text]<\/p>\n<p style=\"text-align: right;\"><span style=\"font-size: 14pt; color: #800080;\">Knight Statue in Square, at Noon, after Rain<\/span><\/p>\n<p>[\/vc_column_text][vc_column_text]<\/p>\n<p style=\"text-align: left;\"><span style=\"font-size: 14pt; color: #333333;\"><em>Equestrian Statue<\/em>, as seen in the painting, has existed as a genre ever since the Roman Empire. While Chen Ching-Jung painted this picture, he reflected, reconsidered, then interpreted the original sculpture he had seen. Without the statue in presence, he detached himself from the its objective reality and retracted the image in the studio. Hence the finished work discloses a surrealistic aura.<\/span><\/p>\n<p>[\/vc_column_text][\/vc_column][vc_column width=&#8221;1\/3&#8243;][vc_single_image image=&#8221;3660&#8243; img_size=&#8221;full&#8221; alignment=&#8221;center&#8221; onclick=&#8221;link_image&#8221; css=&#8221;.vc_custom_1595144052120{margin-bottom: 0px !important;border-bottom-width: 0px !important;padding-bottom: 0px !important;}&#8221;][vc_column_text]<\/p>\n<p style=\"text-align: left;\"><span style=\"font-size: 12pt; color: #333333;\"> 1986<br \/>\nOil paint, canvas 162x130cm <\/span><\/p>\n<p>[\/vc_column_text][\/vc_column][\/vc_row][vc_row][vc_column][vc_empty_space][vc_separator style=&#8221;shadow&#8221;][vc_empty_space][\/vc_column][\/vc_row][vc_row][vc_column][vc_column_text]<span style=\"font-size: 14pt; color: #800080;\">Surrounded by Music<\/span>[\/vc_column_text][vc_single_image image=&#8221;2773&#8243; img_size=&#8221;full&#8221; alignment=&#8221;center&#8221; onclick=&#8221;link_image&#8221; css=&#8221;.vc_custom_1593690415298{margin-bottom: 0px !important;border-bottom-width: 0px !important;padding-bottom: 0px !important;}&#8221;][\/vc_column][\/vc_row][vc_row][vc_column width=&#8221;1\/4&#8243;][\/vc_column][vc_column width=&#8221;3\/4&#8243;][vc_column_text]<\/p>\n<p style=\"text-align: left;\"><span style=\"font-size: 14pt; color: #333333;\">Music Flows in the Air is a fresco work and a project requested by National Concert Hall. Among all Chen Ching-Jung\u2019s works, it took the longest to make, while also being the first fresco artwork in Taiwanese History.<\/span><\/p>\n<p style=\"text-align: left;\"><span style=\"font-size: 14pt; color: #333333;\">Music Flows in the Air was finished in late 1987. A fresco requires an efficient and precise job before the plaster dries up, so this work depended on Chen\u2019s intense ability to concentrate. By the time it was done, he had been working 15 hours a day, continually, for 3 months. Thus due to his marvelous persistence and effort, this masterpiece of a hands-on, accurate style was born.<\/span><\/p>\n<p style=\"text-align: left;\"><span style=\"font-size: 14pt; color: #333333;\">While arranging the layout, Chen had deliberately studied his objects, experimented with various methods, and captured Chinese music instruments performers\u2019 poses in sketches, as he pondered the arrangement. Ultimately Chen settle his musicians on a grassy lawn in a rhythmic arrangement, with simple mountains and mythical blue-purple skies in the background. This artwork has become the most inspirational group portrait in fresco ever since Western art became known in Taiwan.<\/span><\/p>\n<p>[\/vc_column_text][vc_column_text]<\/p>\n<p style=\"text-align: left;\"><span style=\"font-size: 12pt; color: #333333;\"> 1987<br \/>\nFresco 220\u00d7940cm <\/span><\/p>\n<p>[\/vc_column_text][\/vc_column][\/vc_row][vc_row][vc_column][vc_empty_space][vc_separator style=&#8221;shadow&#8221;][vc_empty_space][\/vc_column][\/vc_row][vc_row][vc_column width=&#8221;1\/2&#8243;][vc_column_text]<\/p>\n<p style=\"text-align: right;\"><span style=\"font-size: 14pt; color: #800080;\">It takes ten years to grow trees,<br \/>\nbut a hundred years to rear people<\/span><\/p>\n<p>[\/vc_column_text][vc_column_text]<span style=\"font-size: 14pt; color: #333333;\">In It <em>Takes a Decade to Grow a Tree; a Century to Educate People<\/em>\u201421 people are bringing about an ordinary, yet divine work\u2014planting young trees. A gigantic tree stands in the middle of the scene, in contrast to the saplings being planted in the foreground; the act of planting trees is a symbol of Education for elites\u2014and manifests the undying inheritance of art and humanities.<\/span><\/p>\n<p><span style=\"font-size: 14pt; color: #333333;\">Additionally, by the elaborate distinction of an old man who shows his back, and a young man who faces the audience, Chen Ching-Jung creates an allegory of the past versus a bright future dawning.<\/span>[\/vc_column_text][\/vc_column][vc_column width=&#8221;1\/2&#8243;][vc_single_image image=&#8221;2776&#8243; img_size=&#8221;full&#8221; alignment=&#8221;center&#8221; onclick=&#8221;link_image&#8221; css=&#8221;.vc_custom_1593747557656{margin-bottom: 0px !important;border-bottom-width: 0px !important;padding-bottom: 0px !important;}&#8221;][vc_column_text]<\/p>\n<p style=\"text-align: left;\"><span style=\"font-size: 12pt; color: #333333;\"> 1988<br \/>\nOil paint, canvas\u00a0810\u00d71260cm <\/span><\/p>\n<p>[\/vc_column_text][\/vc_column][\/vc_row][vc_row][vc_column][vc_empty_space][vc_separator style=&#8221;shadow&#8221;][vc_empty_space][\/vc_column][\/vc_row][vc_row][vc_column width=&#8221;1\/3&#8243;][vc_single_image image=&#8221;2777&#8243; img_size=&#8221;full&#8221; alignment=&#8221;center&#8221; onclick=&#8221;link_image&#8221; css=&#8221;.vc_custom_1593747723818{margin-bottom: 0px !important;border-bottom-width: 0px !important;padding-bottom: 0px !important;}&#8221;][vc_column_text]<\/p>\n<p style=\"text-align: right;\"><span style=\"font-size: 12pt;\"><span style=\"color: #333333;\"> 1997<br \/>\nOil paint, canvas 228\u00d7178cm <\/span><\/span><\/p>\n<p>[\/vc_column_text][\/vc_column][vc_column width=&#8221;2\/3&#8243;][vc_column_text]<\/p>\n<p style=\"text-align: left;\"><span style=\"font-size: 14pt; color: #800080;\">The Model in the Studio<\/span><\/p>\n<p>[\/vc_column_text][vc_column_text]<span style=\"font-size: 14pt; color: #333333;\">Chen Ching-Jung places the female nude(s) and still life object(s) in the foreground, while in the background is his previous large-sized oil painting work, Passers-by on the Plaza.<br \/>\nThe combination of the realistic portrait and the imaginary background enhances a bemusing sense of weirdness\u2014one falls into the world of imagination as one appreciates this work.<\/span><\/p>\n<p><span style=\"font-size: 14pt; color: #333333;\">* Received the Honorable Mention Prize, <em>Le Salon des Artistes Fran\u00e7ais<\/em>, 2000<\/span>[\/vc_column_text][\/vc_column][\/vc_row][vc_row][vc_column][vc_empty_space][vc_separator style=&#8221;shadow&#8221;][vc_empty_space][\/vc_column][\/vc_row][vc_row][vc_column][vc_column_text]<\/p>\n<p style=\"text-align: left;\"><span style=\"font-size: 14pt; color: #800080;\">The Compassionate Doctor<br \/>\n<\/span><\/p>\n<p>[\/vc_column_text][vc_single_image image=&#8221;2779&#8243; img_size=&#8221;full&#8221; alignment=&#8221;center&#8221; onclick=&#8221;link_image&#8221; css=&#8221;.vc_custom_1593747862664{margin-bottom: 0px !important;border-bottom-width: 0px !important;padding-bottom: 0px !important;}&#8221;][\/vc_column][\/vc_row][vc_row][vc_column width=&#8221;1\/4&#8243;][\/vc_column][vc_column width=&#8221;3\/4&#8243;][vc_column_text]<\/p>\n<p style=\"text-align: left;\"><span style=\"font-size: 14pt; color: #333333;\">Since childhood, Chen Ching-Jung\u2019s wife went to the doctor in Mennonite Christian Hospital. On one occasion, the hospital had a fundraising event in the North. As a donor, Mrs. Chen learned that, to convey the Agape spirit of Mennonite Christian Hospital, the hospital officials wished to have a large mosaic artwork in the Ping-An Hall. This was how Chen formed ties with the Mennonite Christian Hospital, and began to create the said mosaic work. The work itself was a gift, including the materials and working assistants.<\/span><\/p>\n<p style=\"text-align: left;\"><span style=\"font-size: 14pt; color: #333333;\">Chen strictly followed the classical mosaic tradition during the production; he cut and mounted over 200,000 pieces of natural stones, before setting the finished work on the wall. Chen depicts Jesus as a doctor, and the image shows a scene of him healing Hualien native tribespeople.<\/span><\/p>\n<p>[\/vc_column_text][vc_column_text]<\/p>\n<p style=\"text-align: left;\"><span style=\"font-size: 12pt;\"><span style=\"color: #333333;\"> 1998<br \/>\nMosaic 200\u00d71000cm <\/span><\/span><\/p>\n<p>[\/vc_column_text][\/vc_column][\/vc_row][vc_row][vc_column][vc_empty_space][vc_separator style=&#8221;shadow&#8221;][vc_empty_space][\/vc_column][\/vc_row][vc_row][vc_column width=&#8221;1\/3&#8243;][vc_single_image image=&#8221;2781&#8243; img_size=&#8221;full&#8221; alignment=&#8221;center&#8221; onclick=&#8221;link_image&#8221; css=&#8221;.vc_custom_1593754999499{margin-bottom: 0px !important;border-bottom-width: 0px !important;padding-bottom: 0px !important;}&#8221;][vc_column_text]<\/p>\n<p style=\"text-align: right;\"><span style=\"font-size: 12pt; color: #333333;\"> 1999<br \/>\nOil paint, canvas 228\u00d7162cm <\/span><\/p>\n<p>[\/vc_column_text][\/vc_column][vc_column width=&#8221;2\/3&#8243;][vc_column_text]<span style=\"font-size: 14pt; color: #800080;\">Knight Statue with a Naked Girl<\/span>[\/vc_column_text][vc_column_text]<\/p>\n<p style=\"text-align: left;\"><span style=\"font-size: 14pt; color: #333333;\">Just as Ancient Greek worshipped\/admired the beauty of ideal human body\u2014so Chen Ching-Jung felt the female body is the most beautiful thing the Creator has ever made. The woman in the picture is his long-term model, who exclusively sit-posed. Chen finished this work after 5 years of experiments, and captured the finest posture in his consideration.<br \/>\nThe nude woman bows her head to the skeleton, with both arms holding onto the chair\u2014they stretch intentionally, tighten her muscles, and pull her shoulder blades wider apart.<\/span><\/p>\n<p style=\"text-align: left;\"><span style=\"font-size: 14pt; color: #333333;\">Via her existent body, the woman provokes dialogues with, and contemplation on the idea of death. Her lively, breathing beige skin is set opposite to pale white bones. There is dramatic tonal contrast between the terra-cotta water pot and the color of the skeleton\u2014the latter is an image of death, nothingness and fear; the former of life, abundance and joy.<\/span><\/p>\n<p style=\"text-align: left;\"><span style=\"font-size: 14pt; color: #333333;\">In the background a statue stands in the dim light of night, symbolizing one\u2019s achievement versus one\u2019s limited years of life. It seems like everything in the picture is suspended, at rest and enfolded with loneliness.<\/span><\/p>\n<p><span style=\"font-size: 14pt; color: #333333;\">* Received the Silver Prize, <em>Le Salon des Artistes Fran\u00e7ais<\/em>, 1999<\/span>[\/vc_column_text][\/vc_column][\/vc_row][vc_row][vc_column][vc_empty_space][vc_separator style=&#8221;shadow&#8221;][vc_empty_space][\/vc_column][\/vc_row][vc_row][vc_column width=&#8221;2\/3&#8243;][vc_column_text]<\/p>\n<p style=\"text-align: right;\"><span style=\"font-size: 14pt; color: #800080;\">Madonna and Child<br \/>\n<\/span><\/p>\n<p>[\/vc_column_text][vc_column_text]<\/p>\n<p style=\"text-align: left;\"><span style=\"font-size: 14pt; color: #333333;\">Chen Ching-Jung\u2019s mosaic works are legendary, unique creative pieces which were made according to the traditional method. As they have proved themselves outstandingly done among the mosaic works in Taiwan, they are also approachable in many public or art spaces. Such as Healer of the Body and the Soul at the 2nd floor of Hualien Mennonite Hospital, Blessing from Jesus at Taitung Christian Hospital and The Crowd of Three\uff0eJade Mountain in its gigantic scale at Changhua High School, his alma mater\u2014these works are magnificent, alluring masterpieces.<\/span><\/p>\n<p style=\"text-align: left;\"><span style=\"font-size: 14pt; color: #333333;\">Back when Chen participated Music Festival in Europe, he gave away this mosaic work as a gift to Muzeul \u021a\u0103rii Cri\u0219urilor in Romania, the host of the festival. As a devout Christian and a master of portraits, Chen presents a loving Jesus in his vivid, lifelike portrayal.<\/span><\/p>\n<p style=\"text-align: left;\"><span style=\"font-size: 14pt; color: #333333;\">In addition, hitherto Chen has been the first and only asian artist invited to Music Festival in Europe and to hold a local solo exhibition.<\/span><\/p>\n<p>[\/vc_column_text][\/vc_column][vc_column width=&#8221;1\/3&#8243;][vc_single_image image=&#8221;2783&#8243; img_size=&#8221;full&#8221; alignment=&#8221;center&#8221; onclick=&#8221;link_image&#8221; css=&#8221;.vc_custom_1593755290117{margin-bottom: 0px !important;border-bottom-width: 0px !important;padding-bottom: 0px !important;}&#8221;][vc_column_text]<\/p>\n<p style=\"text-align: left;\"><span style=\"font-size: 12pt;\"><span style=\"color: #333333;\"> 2017<br \/>\nMosaic 182\u00d7268\u00d710cm <\/span><\/span><\/p>\n<p>[\/vc_column_text][\/vc_column][\/vc_row][vc_row][vc_column][vc_empty_space][vc_separator style=&#8221;shadow&#8221;][vc_empty_space][\/vc_column][\/vc_row][vc_row][vc_column width=&#8221;1\/2&#8243;][vc_single_image image=&#8221;2785&#8243; img_size=&#8221;full&#8221; alignment=&#8221;center&#8221; onclick=&#8221;link_image&#8221; css=&#8221;.vc_custom_1593755571540{margin-bottom: 0px !important;border-bottom-width: 0px !important;padding-bottom: 0px !important;}&#8221;][vc_column_text]<\/p>\n<p style=\"text-align: right;\"><span style=\"font-size: 12pt; color: #333333;\"> 2018<br \/>\nOil paint, canvas 230\u00d7300cm <\/span><\/p>\n<p>[\/vc_column_text][\/vc_column][vc_column width=&#8221;1\/2&#8243;][vc_column_text]<span style=\"font-size: 14pt; color: #800080;\">The Still-life and a Naked Woman by the Sea<\/span>[\/vc_column_text][vc_column_text]<\/p>\n<p style=\"text-align: left;\"><span style=\"font-size: 14pt; color: #333333;\">Chen Ching-Jung is skilled in capturing the musculature and beautiful pose of female physique. This work represents those human details in a simple yet sophisticated manner. Via the diversity of postures and body types in his portrayal, the artist shows profound art. The seaside background also compliments the beauty of the models.<\/span><\/p>\n<p>[\/vc_column_text][\/vc_column][\/vc_row][vc_row][vc_column][vc_empty_space][vc_separator style=&#8221;shadow&#8221;][vc_empty_space][\/vc_column][\/vc_row][vc_row][vc_column width=&#8221;2\/3&#8243;][vc_column_text]<\/p>\n<p style=\"text-align: right;\"><span style=\"font-size: 14pt; color: #800080;\">Ballade vom Haideknaben<br \/>\n<\/span><\/p>\n<p>[\/vc_column_text][vc_column_text]<\/p>\n<p style=\"text-align: left;\"><span style=\"font-size: 14pt; color: #333333;\">This work originates\/arises from The Ballade vom Haideknaben by Robert Schumann.<\/span><\/p>\n<p style=\"text-align: left;\"><span style=\"font-size: 14pt; color: #333333;\">Little by little, Chen Ching-Jung immersed himself in and absorbed the core spirit of the musical piece. By interpreting the art of time into a dimensional, visual art form, the artist gradually pioneered his own territory of aesthetics.<\/span><\/p>\n<p>[\/vc_column_text][\/vc_column][vc_column width=&#8221;1\/3&#8243;][vc_single_image image=&#8221;2787&#8243; img_size=&#8221;full&#8221; alignment=&#8221;center&#8221; onclick=&#8221;link_image&#8221; css=&#8221;.vc_custom_1593755653542{margin-bottom: 0px !important;border-bottom-width: 0px !important;padding-bottom: 0px !important;}&#8221;][vc_column_text]<\/p>\n<p style=\"text-align: left;\"><span style=\"font-size: 12pt;\"><span style=\"color: #333333;\"> 2018<br \/>\nOil paint, canvas 65\u00d781cm <\/span><\/span><\/p>\n<p>[\/vc_column_text][\/vc_column][\/vc_row][vc_row][vc_column][vc_empty_space][vc_separator style=&#8221;shadow&#8221;][vc_empty_space][\/vc_column][\/vc_row][vc_row][vc_column][vc_btn title=&#8221;Museum C. J. Chen&#8221; style=&#8221;outline&#8221; color=&#8221;purple&#8221; size=&#8221;lg&#8221; align=&#8221;center&#8221; link=&#8221;url:https%3A%2F%2Fwww.facebook.com%2Fmuseum.CJ.chen%2F||target:%20_blank|&#8221;][\/vc_column][\/vc_row]<\/p>\n<\/div>","protected":false},"excerpt":{"rendered":"<p>[vc_row][vc_column][vc_column_text][\/vc_column_text][vc_empty_space][vc_separator style=&#8221;shadow&#8221;][\/vc_column][\/vc_row][vc_row][vc_column width=&#8221;1\/2&#8243;][vc_single_image image=&#8221;2766&#8243; img_size=&#8221;full&#8221; alignment=&#8221;right&#8221;][\/vc_column][vc_column width=&#8221;1\/2&#8243;][vc_column_text] Chen Ching-Jung\uff081934- \uff09 National Changhua Senior High School College of Arts, National Taiwan Normal University Department of Oil Painting, Musashino Art University Mural Painting MA, Tokyo University of the Arts [\/vc_column_text][vc_column_text]AWARDS 1998 Bronze [&hellip;]<\/p>\n","protected":false},"author":3,"featured_media":0,"parent":0,"menu_order":0,"comment_status":"closed","ping_status":"closed","template":"","meta":{"_uag_custom_page_level_css":"","_exactmetrics_skip_tracking":false,"_exactmetrics_sitenote_active":false,"_exactmetrics_sitenote_note":"","_exactmetrics_sitenote_category":0,"_monsterinsights_skip_tracking":false,"_monsterinsights_sitenote_active":false,"_monsterinsights_sitenote_note":"","_monsterinsights_sitenote_category":0,"_uf_show_specific_survey":0,"_uf_disable_surveys":false,"footnotes":""},"class_list":["post-2760","page","type-page","status-publish","hentry"],"uagb_featured_image_src":{"full":false,"thumbnail":false,"medium":false,"medium_large":false,"large":false,"1536x1536":false,"2048x2048":false},"uagb_author_info":{"display_name":"\u7db2\u7ad9\u8a2d\u8a08","author_link":"https:\/\/goodideaart.com\/en\/author\/lynn\/"},"uagb_comment_info":0,"uagb_excerpt":"[vc_row][vc_column][vc_column_text][\/vc_column_text][vc_empty_space][vc_separator style=&#8221;shadow&#8221;][\/vc_column][\/vc_row][vc_row][vc_column width=&#8221;1\/2&#8243;][vc_single_image image=&#8221;2766&#8243; img_size=&#8221;full&#8221; alignment=&#8221;right&#8221;][\/vc_column][vc_column width=&#8221;1\/2&#8243;][vc_column_text] Chen Ching-Jung\uff081934- \uff09 National Changhua Senior High School College of Arts, National Taiwan Normal University Department of Oil Painting, Musashino Art University Mural Painting MA, Tokyo University of the Arts [\/vc_column_text][vc_column_text]AWARDS 1998 Bronze [&hellip;]","_links":{"self":[{"href":"https:\/\/goodideaart.com\/en\/wp-json\/wp\/v2\/pages\/2760","targetHints":{"allow":["GET"]}}],"collection":[{"href":"https:\/\/goodideaart.com\/en\/wp-json\/wp\/v2\/pages"}],"about":[{"href":"https:\/\/goodideaart.com\/en\/wp-json\/wp\/v2\/types\/page"}],"author":[{"embeddable":true,"href":"https:\/\/goodideaart.com\/en\/wp-json\/wp\/v2\/users\/3"}],"replies":[{"embeddable":true,"href":"https:\/\/goodideaart.com\/en\/wp-json\/wp\/v2\/comments?post=2760"}],"version-history":[{"count":10,"href":"https:\/\/goodideaart.com\/en\/wp-json\/wp\/v2\/pages\/2760\/revisions"}],"predecessor-version":[{"id":4840,"href":"https:\/\/goodideaart.com\/en\/wp-json\/wp\/v2\/pages\/2760\/revisions\/4840"}],"wp:attachment":[{"href":"https:\/\/goodideaart.com\/en\/wp-json\/wp\/v2\/media?parent=2760"}],"curies":[{"name":"wp","href":"https:\/\/api.w.org\/{rel}","templated":true}]}}